{"id":75,"date":"2012-11-05T20:21:21","date_gmt":"2012-11-05T18:21:21","guid":{"rendered":"http:\/\/btsneustadt-basketball.de\/?page_id=75"},"modified":"2022-09-11T18:07:17","modified_gmt":"2022-09-11T16:07:17","slug":"anfahrt","status":"publish","type":"page","link":"https:\/\/btsneustadt-basketball.de\/?page_id=75","title":{"rendered":"Anfahrt"},"content":{"rendered":"<blockquote>\n<p><a href=\"https:\/\/www.btsneustadt-bremen.de\" target=\"_blank\" rel=\"noopener\"><img loading=\"lazy\" decoding=\"async\" class=\"alignright size-full wp-image-278\" src=\"https:\/\/btsneustadt-basketball.de\/wp-content\/uploads\/2012\/11\/logo_bts_item.png\" alt=\"BTS Neustadt Bremen\" width=\"71\" height=\"70\" \/><\/a>Bremer Turn- und Sportgemeinde Neustadt<br \/><strong>Erlenstra\u00dfe 85a<\/strong><br \/>28199 Bremen<\/p>\n<\/blockquote>\n<p>[mappress mapid=&#8220;1&#8243;]<br \/><a name=\"Map2\"><\/a><\/p>\n<blockquote>\n<p><a href=\"https:\/\/www.lbsv-bremen.de\/\" target=\"_blank\" rel=\"noopener\"><img loading=\"lazy\" decoding=\"async\" class=\"alignright size-full wp-image-767\" src=\"https:\/\/btsneustadt-basketball.de\/wp-content\/uploads\/2012\/11\/lbsv.gif\" alt=\"LBSV\" width=\"120\" height=\"60\" \/><\/a>Bezirkssportanlage S\u00fcd<br \/><strong>Volkmannstra\u00dfe 12<\/strong><br \/>28201 Bremen<\/p>\n<\/blockquote>\n<p>[mappress mapid=&#8220;2&#8243;]<\/p>\n<p>\u00a0<\/p>\n<p><a name=\"Map3\"><\/a><\/p>\n<blockquote>\n<p>Inge-Katz-Schule<br \/><strong>Delmestra\u00dfe 114b<\/strong><br \/>28201 Bremen<\/p>\n<\/blockquote>\n<p>[mappress mapid=&#8220;5&#8243;]<\/p>\n<p><a name=\"Map3\"><\/a><\/p>\n<blockquote>\n<p>Karl-Lerbs Grundschule<br \/><strong>Karl-Lerbs-Stra\u00dfe 70A<\/strong><br \/>28201 Bremen<\/p>\n<\/blockquote>\n<p>[mappress mapid=&#8220;3&#8243;]<br \/><a name=\"Map4\"><\/a><\/p>\n<blockquote>\n<p><a href=\"https:\/\/tuskometarsten.de\/\" target=\"_blank\" rel=\"noopener\"><img loading=\"lazy\" decoding=\"async\" class=\"alignright size-full wp-image-1279\" src=\"https:\/\/btsneustadt-basketball.de\/wp-content\/uploads\/2012\/11\/tus_komet_arsten_item.png\" alt=\"\" width=\"61\" height=\"70\" \/><\/a>TuS Komet Arsten e.V.<br \/><strong>Egon-K\u00e4hler-Stra\u00dfe 31<\/strong><br \/>28279 Bremen<\/p>\n<\/blockquote>\n<p>[mappress mapid=&#8220;4&#8243;]<\/p>\n\n\n<p><\/p>\n","protected":false},"excerpt":{"rendered":"<p>Bremer Turn- und Sportgemeinde NeustadtErlenstra\u00dfe 85a28199 Bremen [mappress mapid=&#8220;1&#8243;] Bezirkssportanlage S\u00fcdVolkmannstra\u00dfe 1228201 Bremen [mappress mapid=&#8220;2&#8243;] \u00a0 Inge-Katz-SchuleDelmestra\u00dfe 114b28201 Bremen [mappress mapid=&#8220;5&#8243;] Karl-Lerbs GrundschuleKarl-Lerbs-Stra\u00dfe 70A28201 Bremen [mappress mapid=&#8220;3&#8243;] TuS Komet Arsten e.V.Egon-K\u00e4hler-Stra\u00dfe 3128279 Bremen [mappress mapid=&#8220;4&#8243;]<\/p>\n","protected":false},"author":1,"featured_media":0,"parent":0,"menu_order":5,"comment_status":"closed","ping_status":"closed","template":"","meta":{"footnotes":""},"class_list":["post-75","page","type-page","status-publish","hentry"],"_links":{"self":[{"href":"https:\/\/btsneustadt-basketball.de\/index.php?rest_route=\/wp\/v2\/pages\/75","targetHints":{"allow":["GET"]}}],"collection":[{"href":"https:\/\/btsneustadt-basketball.de\/index.php?rest_route=\/wp\/v2\/pages"}],"about":[{"href":"https:\/\/btsneustadt-basketball.de\/index.php?rest_route=\/wp\/v2\/types\/page"}],"author":[{"embeddable":true,"href":"https:\/\/btsneustadt-basketball.de\/index.php?rest_route=\/wp\/v2\/users\/1"}],"replies":[{"embeddable":true,"href":"https:\/\/btsneustadt-basketball.de\/index.php?rest_route=%2Fwp%2Fv2%2Fcomments&post=75"}],"version-history":[{"count":58,"href":"https:\/\/btsneustadt-basketball.de\/index.php?rest_route=\/wp\/v2\/pages\/75\/revisions"}],"predecessor-version":[{"id":3256,"href":"https:\/\/btsneustadt-basketball.de\/index.php?rest_route=\/wp\/v2\/pages\/75\/revisions\/3256"}],"wp:attachment":[{"href":"https:\/\/btsneustadt-basketball.de\/index.php?rest_route=%2Fwp%2Fv2%2Fmedia&parent=75"}],"curies":[{"name":"wp","href":"https:\/\/api.w.org\/{rel}","templated":true}]}}