{"id":69,"date":"2012-11-05T20:19:07","date_gmt":"2012-11-05T19:19:07","guid":{"rendered":"http:\/\/btsneustadt-basketball.de\/?page_id=69"},"modified":"2023-12-20T11:42:24","modified_gmt":"2023-12-20T10:42:24","slug":"mitgliedschaft","status":"publish","type":"page","link":"https:\/\/btsneustadt-basketball.de\/?page_id=69","title":{"rendered":"Mitgliedschaft"},"content":{"rendered":"<blockquote>\n<p style=\"text-align: center;\"><strong>Bremer Turn- und Sportgemeinde Neustadt von 1859 e. V.<br \/>\nErlenstr. 85 a, 28199 Bremen<\/strong><\/p>\n<\/blockquote>\n<p>Wer Basketball bei BTS Neustadt spielen m\u00f6chte, muss nat\u00fcrlich auch Mitglied werden. Die Preise sind gestaffelt. Es gibt einen Grundbeitrag (abh\u00e4ngig vom beruflichen Status) f\u00fcr den Verein und einen Zusatzbeitrag f\u00fcr die Abteilung. Seit dem 01.07.2019 f\u00e4llt ein erh\u00f6hter Zusatzbeitrag an, wenn man in den Leistungsmannschaften spielt. Genaueres ist der <a href=\"https:\/\/btsneustadt-bremen.de\/wp-content\/uploads\/2019\/05\/Beitragsliste.pdf\" data-wplink-edit=\"true\">Beitragsliste<\/a> zu entnehmen. Die Mitgliedschaft l\u00e4sst sich mit dem folgenden <a href=\"https:\/\/btsneustadt-bremen.de\/wp-content\/uploads\/2019\/06\/Mitgliedschaft.pdf\">Formular<\/a> beantragen. Die ersten Seite ist auszuf\u00fcllen, die anderen beiden sind zu lesen. Es reicht, Seite eins auszudrucken, zu unterschreiben und pers\u00f6nlich oder postalisch einzureichen. Weitere Informationen auf der Seite des <a href=\"https:\/\/btsneustadt-bremen.de\/?page_id=2084\">Gesamtvereins<\/a>.<\/p>\n<p><a href=\"https:\/\/btsneustadt-basketball.de\/wp-content\/uploads\/2012\/11\/BTS_Logo.png\"><img loading=\"lazy\" decoding=\"async\" class=\"aligncenter size-full wp-image-416\" title=\"BTS_Logo\" src=\"https:\/\/btsneustadt-basketball.de\/wp-content\/uploads\/2012\/11\/BTS_Logo.png\" alt=\"\" width=\"400\" height=\"400\" srcset=\"https:\/\/btsneustadt-basketball.de\/wp-content\/uploads\/2012\/11\/BTS_Logo.png 400w, https:\/\/btsneustadt-basketball.de\/wp-content\/uploads\/2012\/11\/BTS_Logo-150x150.png 150w, https:\/\/btsneustadt-basketball.de\/wp-content\/uploads\/2012\/11\/BTS_Logo-300x300.png 300w\" sizes=\"auto, (max-width: 400px) 100vw, 400px\" \/><\/a><\/p>\n","protected":false},"excerpt":{"rendered":"<p>Bremer Turn- und Sportgemeinde Neustadt von 1859 e. V. Erlenstr. 85 a, 28199 Bremen Wer Basketball bei BTS Neustadt spielen m\u00f6chte, muss nat\u00fcrlich auch Mitglied werden. Die Preise sind gestaffelt. Es gibt einen Grundbeitrag (abh\u00e4ngig vom beruflichen Status) f\u00fcr den Verein und einen Zusatzbeitrag f\u00fcr die Abteilung. Seit dem 01.07.2019 f\u00e4llt ein erh\u00f6hter Zusatzbeitrag an, [&hellip;]<\/p>\n","protected":false},"author":1,"featured_media":0,"parent":12,"menu_order":2,"comment_status":"closed","ping_status":"closed","template":"","meta":{"footnotes":""},"class_list":["post-69","page","type-page","status-publish","hentry"],"_links":{"self":[{"href":"https:\/\/btsneustadt-basketball.de\/index.php?rest_route=\/wp\/v2\/pages\/69","targetHints":{"allow":["GET"]}}],"collection":[{"href":"https:\/\/btsneustadt-basketball.de\/index.php?rest_route=\/wp\/v2\/pages"}],"about":[{"href":"https:\/\/btsneustadt-basketball.de\/index.php?rest_route=\/wp\/v2\/types\/page"}],"author":[{"embeddable":true,"href":"https:\/\/btsneustadt-basketball.de\/index.php?rest_route=\/wp\/v2\/users\/1"}],"replies":[{"embeddable":true,"href":"https:\/\/btsneustadt-basketball.de\/index.php?rest_route=%2Fwp%2Fv2%2Fcomments&post=69"}],"version-history":[{"count":17,"href":"https:\/\/btsneustadt-basketball.de\/index.php?rest_route=\/wp\/v2\/pages\/69\/revisions"}],"predecessor-version":[{"id":3438,"href":"https:\/\/btsneustadt-basketball.de\/index.php?rest_route=\/wp\/v2\/pages\/69\/revisions\/3438"}],"up":[{"embeddable":true,"href":"https:\/\/btsneustadt-basketball.de\/index.php?rest_route=\/wp\/v2\/pages\/12"}],"wp:attachment":[{"href":"https:\/\/btsneustadt-basketball.de\/index.php?rest_route=%2Fwp%2Fv2%2Fmedia&parent=69"}],"curies":[{"name":"wp","href":"https:\/\/api.w.org\/{rel}","templated":true}]}}