{"id":1953,"date":"2014-06-17T16:39:33","date_gmt":"2014-06-17T14:39:33","guid":{"rendered":"http:\/\/btsneustadt-basketball.de\/?page_id=1953"},"modified":"2026-02-25T19:03:44","modified_gmt":"2026-02-25T18:03:44","slug":"mu18-i","status":"publish","type":"page","link":"https:\/\/btsneustadt-basketball.de\/?page_id=1953","title":{"rendered":"U16 II"},"content":{"rendered":"<h3><strong>Regionsliga (Jahrg\u00e4nge 2010 &#8211; 2011)<\/strong><\/h3>\n<p><strong>Trainer<\/strong><br \/>Alessandro Verga<br \/><br \/>\nTelefon: +49 173 373 06 78\n\nMail: <a href=\"mailto:abteilungsleitung@btsneustadt-basketball.de\">abteilungsleitung@btsneustadt-basketball.de<\/a>\n<p><img loading=\"lazy\" decoding=\"async\" class=\"alignnone size-medium wp-image-2984 alignright\" style=\"background-color: transparent; color: #333333; font-family: Georgia,&amp;quot; times new roman&amp;quot;,&amp;quot;bitstream charter&amp;quot;,times,serif; font-size: 16px; font-style: normal; font-variant: normal; font-weight: 400; height: 200px; letter-spacing: normal; max-width: 1380px; orphans: 2; outline-color: #72777c; outline-style: solid; outline-width: 1px; text-align: left; text-decoration: none; text-indent: 0px; text-transform: none; -webkit-text-stroke-width: 0px; white-space: normal; word-spacing: 0px;\" src=\"https:\/\/btsneustadt-basketball.de\/wp-content\/uploads\/2019\/04\/2019_03_24_0105-300x200.jpg\" alt=\"\" width=\"300\" height=\"200\" srcset=\"https:\/\/btsneustadt-basketball.de\/wp-content\/uploads\/2019\/04\/2019_03_24_0105-300x200.jpg 300w, https:\/\/btsneustadt-basketball.de\/wp-content\/uploads\/2019\/04\/2019_03_24_0105-768x512.jpg 768w, https:\/\/btsneustadt-basketball.de\/wp-content\/uploads\/2019\/04\/2019_03_24_0105-1024x683.jpg 1024w\" sizes=\"auto, (max-width: 300px) 100vw, 300px\" \/><\/p>\n<p><strong>Trainingszeiten<\/strong><\/p>\n<p>Dienstags: 16:00 &#8211; 17:30, Volkmannstra\u00dfe<br \/>Mittwochs: 18:00 bis 19:30, Volkmannstra\u00dfe, Sommer<br \/>Freitags: 16:30 &#8211; 18:00, Volkmannstra\u00dfe<\/p>\n\n\n<div id=\"widget_1663103009105\"><\/div>\n\t<script>\n\t\twidget.mannschaftswidget('widget_1663103009105', \n\t\t\t{\"iframeWidth\":500,\"iframeHeight\":700,\"showRefreshButton\":true,\"titleColor\":\"FFFFFF\",\"titleBgColor\":\"F39402\",\"tapColor\":\"FFFFFF\",\"tapBgColor\":\"333333\",\"colorMatchGroup\":\"666666\",\"bgColorMatchGroup\":\"F0F0F0\",\"colorMatchListItem\":\"000000\",\"bgColorMatchListItem\":\"FFFFFF\",\"showKuerzelInSpiele\":false,\"mannschaftsId\":\"257416\"});\n\t<\/script>\n","protected":false},"excerpt":{"rendered":"<p>Regionsliga (Jahrg\u00e4nge 2010 &#8211; 2011) TrainerAlessandro Verga Telefon: +49 173 373 06 78 Mail: abteilungsleitung@btsneustadt-basketball.de Trainingszeiten Dienstags: 16:00 &#8211; 17:30, Volkmannstra\u00dfeMittwochs: 18:00 bis 19:30, Volkmannstra\u00dfe, SommerFreitags: 16:30 &#8211; 18:00, Volkmannstra\u00dfe<\/p>\n","protected":false},"author":1,"featured_media":0,"parent":2,"menu_order":0,"comment_status":"closed","ping_status":"open","template":"","meta":{"footnotes":""},"class_list":["post-1953","page","type-page","status-publish","hentry"],"_links":{"self":[{"href":"https:\/\/btsneustadt-basketball.de\/index.php?rest_route=\/wp\/v2\/pages\/1953","targetHints":{"allow":["GET"]}}],"collection":[{"href":"https:\/\/btsneustadt-basketball.de\/index.php?rest_route=\/wp\/v2\/pages"}],"about":[{"href":"https:\/\/btsneustadt-basketball.de\/index.php?rest_route=\/wp\/v2\/types\/page"}],"author":[{"embeddable":true,"href":"https:\/\/btsneustadt-basketball.de\/index.php?rest_route=\/wp\/v2\/users\/1"}],"replies":[{"embeddable":true,"href":"https:\/\/btsneustadt-basketball.de\/index.php?rest_route=%2Fwp%2Fv2%2Fcomments&post=1953"}],"version-history":[{"count":32,"href":"https:\/\/btsneustadt-basketball.de\/index.php?rest_route=\/wp\/v2\/pages\/1953\/revisions"}],"predecessor-version":[{"id":3571,"href":"https:\/\/btsneustadt-basketball.de\/index.php?rest_route=\/wp\/v2\/pages\/1953\/revisions\/3571"}],"up":[{"embeddable":true,"href":"https:\/\/btsneustadt-basketball.de\/index.php?rest_route=\/wp\/v2\/pages\/2"}],"wp:attachment":[{"href":"https:\/\/btsneustadt-basketball.de\/index.php?rest_route=%2Fwp%2Fv2%2Fmedia&parent=1953"}],"curies":[{"name":"wp","href":"https:\/\/api.w.org\/{rel}","templated":true}]}}